{"id":6189,"date":"2021-01-13T21:47:29","date_gmt":"2021-01-14T02:47:29","guid":{"rendered":"http:\/\/invertrack.com\/?page_id=6189"},"modified":"2021-01-13T21:47:29","modified_gmt":"2021-01-14T02:47:29","slug":"registro","status":"publish","type":"page","link":"https:\/\/invertrack.com\/index.php\/registro\/","title":{"rendered":"Registro"},"content":{"rendered":"<div class=\"wpb-content-wrapper\"><div class=\"vc_row wpb_row vc_row-fluid\"><div class=\"wpb_column vc_column_container vc_col-sm-12\"><div class=\"vc_column-inner\"><div class=\"wpb_wrapper\">\n\t<div class=\"wpb_text_column wpb_content_element\" >\n\t\t<div class=\"wpb_wrapper\">\n\t\t\t        <form enctype=\"multipart\/form-data\" method=\"post\" id=\"wppb-register-user\" class=\"wppb-user-forms wppb-register-user wppb-user-logged-out\" action=\"https:\/\/invertrack.com\/index.php\/wp-json\/wp\/v2\/pages\/6189\">\n\t\t\t<ul><li class=\"wppb-form-field wppb-select-country\" id=\"wppb-form-element-17\"><\/li><li class=\"wppb-form-field wppb-radio\" id=\"wppb-form-element-18\">\n\t\t\t\t<label for=\"custom_field_249\">Tipo de Persona<span class=\"wppb-required\" title=\"This field is required\">*<\/span><\/label><ul class=\"wppb-radios\"><li><input value=\"Persona Natural\" class=\"custom_field_radio \" id=\"persona-natural_18\" name=\"custom_field_249\" type=\"radio\"   \/><label for=\"persona-natural_18\" class=\"wppb-rc-value\">Persona Natural<\/label><\/li><li><input value=\"Persona Jur\u00eddica\" class=\"custom_field_radio \" id=\"persona-juridica_18\" name=\"custom_field_249\" type=\"radio\"   \/><label for=\"persona-juridica_18\" class=\"wppb-rc-value\">Persona Jur\u00eddica<\/label><\/li><\/ul><\/li><li class=\"wppb-form-field wppb-default-first-name\" id=\"wppb-form-element-19\">\n\t\t\t<label for=\"first_name\">Nombre o Raz\u00f3n Social<span class=\"wppb-required\" title=\"This field is required\">*<\/span><\/label>\n\t\t\t<input class=\"text-input default_field_firstname \" name=\"first_name\" maxlength=\"70\" type=\"text\" id=\"first_name\" value=\"\"  \/><\/li><li class=\"wppb-form-field wppb-default-e-mail\" id=\"wppb-form-element-8\">\n\t\t\t<label for=\"email\">E-mail<span class=\"wppb-required\" title=\"This field is required\">*<\/span><\/label>\n\t\t\t<input class=\"text-input default_field_email \" name=\"email\" maxlength=\"70\" type=\"email\" id=\"email\" value=\"\"   \/><\/li><li class=\"wppb-form-field wppb-default-username\" id=\"wppb-form-element-2\">\n\t\t\t<label for=\"username\">Usuario<span class=\"wppb-required\" title=\"This field is required\">*<\/span><\/label>\n\t\t\t<input class=\"text-input default_field_username \" name=\"username\" maxlength=\"70\" type=\"text\" id=\"username\" value=\"\"  \/><span class=\"wppb-description-delimiter\">El Usuario no se podr\u00e1 cambiar.<\/span><\/li><li class=\"wppb-form-field wppb-default-password\" id=\"wppb-form-element-15\">\n\t\t\t<label for=\"passw1\">Contrase\u00f1a<span class=\"wppb-required\" title=\"This field is required\">*<\/span><\/label>\n            <span class=\"wppb-password-field-container\">\n\t\t\t    <input class=\"text-input \" name=\"passw1\" maxlength=\"70\" type=\"password\" id=\"passw1\" value=\"\" autocomplete=\"off\" \/>\n\t\t\t     <!-- add the HTML for the visibility toggle -->\n\t\t\t<\/span><span class=\"wppb-description-delimiter\">Escribe tu contrase\u00f1a.  <\/span><\/li><li class=\"wppb-form-field wppb-default-repeat-password\" id=\"wppb-form-element-16\">\n\t\t\t<label for=\"passw2\">Repite la contrase\u00f1a<span class=\"wppb-required\" title=\"This field is required\">*<\/span><\/label>\n\t\t\t<span class=\"wppb-password-field-container\">\n\t\t\t    <input class=\"text-input \" name=\"passw2\" maxlength=\"70\" type=\"password\" id=\"passw2\" value=\"\" autocomplete=\"off\" \/>\n\t\t\t     <!-- add the HTML for the visibility toggle -->\n\t\t\t<\/span><span class=\"wppb-description-delimiter\">Vuelve a escribir la contrase\u00f1a<\/span><\/li><li class=\"wppb-form-field wppb-recaptcha wppb-recaptcha-v2\" id=\"wppb-form-element-20\"><label for=\"recaptcha_response_field\">Captcha<span class=\"wppb-required\" title=\"This field is required\">*<\/span><\/label><div id=\"wppb-recaptcha-element-pb_register1\" class=\"wppb-recaptcha-element \"><\/div><\/li><\/ul><ul><\/ul>\t\t\t<p class=\"form-submit\"  >\n\t\t\t\t                \t\t\t\t<input name=\"register\" type=\"submit\" id=\"register\" class=\"submit button\" value=\"Register\" \/>\n                <input name=\"redirect_to\" type=\"hidden\" value=\"\" \/>\n                \t\t\t\t<input name=\"action\" type=\"hidden\" id=\"action\" value=\"register\" \/>\n\t\t\t\t<input name=\"form_name\" type=\"hidden\" id=\"form_name\" value=\"unspecified\" \/>\n\t\t\t\t<input name=\"form_id\" type=\"hidden\" id=\"form_id\" value=\"\" \/>\n\t\t\t\t<input type=\"hidden\" name=\"wppb_referer_url\" value=\"\"\/>\t\t\t<\/p><!-- .form-submit -->\n\t\t\t<input type=\"hidden\" id=\"register_unspecified_nonce_field\" name=\"register_unspecified_nonce_field\" value=\"1feec91f9f\" \/><input type=\"hidden\" name=\"_wp_http_referer\" value=\"\/index.php\/wp-json\/wp\/v2\/pages\/6189\" \/>\t\t<\/form>\n\t\t\n\n\t\t<\/div>\n\t<\/div>\n<\/div><\/div><\/div><\/div>\n<\/div>","protected":false},"excerpt":{"rendered":"Tipo de Persona*Persona NaturalPersona Jur\u00eddica Nombre o Raz\u00f3n Social* E-mail* Usuario* El Usuario no se podr\u00e1 cambiar. Contrase\u00f1a* Escribe tu contrase\u00f1a. Repite la contrase\u00f1a* Vuelve a escribir la contrase\u00f1aCaptcha*","protected":false},"author":801,"featured_media":0,"parent":0,"menu_order":0,"comment_status":"closed","ping_status":"closed","template":"","meta":{"footnotes":""},"class_list":["post-6189","page","type-page","status-publish","hentry"],"_links":{"self":[{"href":"https:\/\/invertrack.com\/index.php\/wp-json\/wp\/v2\/pages\/6189","targetHints":{"allow":["GET"]}}],"collection":[{"href":"https:\/\/invertrack.com\/index.php\/wp-json\/wp\/v2\/pages"}],"about":[{"href":"https:\/\/invertrack.com\/index.php\/wp-json\/wp\/v2\/types\/page"}],"author":[{"embeddable":true,"href":"https:\/\/invertrack.com\/index.php\/wp-json\/wp\/v2\/users\/801"}],"replies":[{"embeddable":true,"href":"https:\/\/invertrack.com\/index.php\/wp-json\/wp\/v2\/comments?post=6189"}],"version-history":[{"count":1,"href":"https:\/\/invertrack.com\/index.php\/wp-json\/wp\/v2\/pages\/6189\/revisions"}],"predecessor-version":[{"id":6190,"href":"https:\/\/invertrack.com\/index.php\/wp-json\/wp\/v2\/pages\/6189\/revisions\/6190"}],"wp:attachment":[{"href":"https:\/\/invertrack.com\/index.php\/wp-json\/wp\/v2\/media?parent=6189"}],"curies":[{"name":"wp","href":"https:\/\/api.w.org\/{rel}","templated":true}]}}