{"id":6504,"date":"2021-03-06T21:32:47","date_gmt":"2021-03-07T02:32:47","guid":{"rendered":"https:\/\/invertrack.com\/?page_id=6504"},"modified":"2021-03-06T22:35:16","modified_gmt":"2021-03-07T03:35:16","slug":"quienes-somos","status":"publish","type":"page","link":"https:\/\/invertrack.com\/index.php\/quienes-somos\/","title":{"rendered":"Quienes Somos"},"content":{"rendered":"<div class=\"wpb-content-wrapper\"><div class=\"vc_row wpb_row vc_row-fluid\"><div class=\"wpb_column vc_column_container vc_col-sm-12\"><div class=\"vc_column-inner\"><div class=\"wpb_wrapper\"><div class=\"title-subtile-holder\"><h2 class=\"section-title  \">Quienes somos<\/h2><div class=\"svg-border \"><svg width=\"515\" height=\"25\" viewBox=\"0 0 275 15\" fill=\"none\" xmlns=\"http:\/\/www.w3.org\/2000\/svg\">\n        <rect y=\"7\" width=\"120\" height=\"1\" fill=\"#CCCCCC\"\/>\n        <rect x=\"155\" y=\"7\" width=\"120\" height=\"1\" fill=\"#CCCCCC\"\/>\n        <path d=\"M144.443 14.6458C144.207 14.8818 143.897 15 143.588 15C143.278 15 142.968 14.8818 142.732 14.6454L137.874 9.78689C137.517 9.43023 137.43 8.90654 137.612 8.46798L136.617 7.47264L135.242 8.84723C135.517 9.2862 135.458 9.8809 135.066 10.2714C134.614 10.7245 133.888 10.7342 133.448 10.2936L130.324 7.17126C129.883 6.73028 129.893 6.00566 130.347 5.55298C130.738 5.16122 131.332 5.10231 131.771 5.37788L135.378 1.77014C135.102 1.33158 135.161 0.737682 135.553 0.346326C136.006 -0.10676 136.73 -0.116443 137.171 0.324136L140.295 3.44732C140.736 3.8879 140.726 4.61251 140.272 5.0656C139.88 5.45736 139.287 5.51586 138.849 5.2407L137.472 6.6169L138.59 7.73449C138.945 7.69334 139.314 7.80348 139.586 8.07622L144.444 12.9347C144.916 13.4071 144.916 14.1729 144.443 14.6458Z\" fill=\"#2695FF\"\/>\n        <\/svg><\/div><div class=\"section-subtitle \"><\/div><\/div>\n\t<div class=\"wpb_text_column wpb_content_element\" >\n\t\t<div class=\"wpb_wrapper\">\n\t\t\t<p>Somos un servicio que le permite participar y comprar f\u00e1cilmente desde la comodidad de su hogar u oficina, en la Subasta Virtual en tiempo real, donde puede pujar, contra-ofertar y hacer seguimiento al lote o lotes de su inter\u00e9s de forma f\u00e1cil, r\u00e1pida y segura a trav\u00e9s de nuestra p\u00e1gina de internet.<\/p>\n\n\t\t<\/div>\n\t<\/div>\n<\/div><\/div><\/div><\/div><div class=\"vc_row wpb_row vc_row-fluid\"><div class=\"wpb_column vc_column_container vc_col-sm-12\"><div class=\"vc_column-inner\"><div class=\"wpb_wrapper\"><div class=\"title-subtile-holder\"><h2 class=\"section-title  \">Nuestros servicios<\/h2><div class=\"svg-border \"><svg width=\"515\" height=\"25\" viewBox=\"0 0 275 15\" fill=\"none\" xmlns=\"http:\/\/www.w3.org\/2000\/svg\">\n        <rect y=\"7\" width=\"120\" height=\"1\" fill=\"#CCCCCC\"\/>\n        <rect x=\"155\" y=\"7\" width=\"120\" height=\"1\" fill=\"#CCCCCC\"\/>\n        <path d=\"M144.443 14.6458C144.207 14.8818 143.897 15 143.588 15C143.278 15 142.968 14.8818 142.732 14.6454L137.874 9.78689C137.517 9.43023 137.43 8.90654 137.612 8.46798L136.617 7.47264L135.242 8.84723C135.517 9.2862 135.458 9.8809 135.066 10.2714C134.614 10.7245 133.888 10.7342 133.448 10.2936L130.324 7.17126C129.883 6.73028 129.893 6.00566 130.347 5.55298C130.738 5.16122 131.332 5.10231 131.771 5.37788L135.378 1.77014C135.102 1.33158 135.161 0.737682 135.553 0.346326C136.006 -0.10676 136.73 -0.116443 137.171 0.324136L140.295 3.44732C140.736 3.8879 140.726 4.61251 140.272 5.0656C139.88 5.45736 139.287 5.51586 138.849 5.2407L137.472 6.6169L138.59 7.73449C138.945 7.69334 139.314 7.80348 139.586 8.07622L144.444 12.9347C144.916 13.4071 144.916 14.1729 144.443 14.6458Z\" fill=\"#2695FF\"\/>\n        <\/svg><\/div><div class=\"section-subtitle \"><\/div><\/div>\n\t<div class=\"wpb_text_column wpb_content_element\" >\n\t\t<div class=\"wpb_wrapper\">\n\t\t\t<p>Nuestra empresa ofrece a sus clientes servicios de venta de todo tipo de bienes,<\/p>\n<p>Gracias a una plataforma de venta por subasta Online la cual permite llegar a los c\u00e1nones mas altos requeridos por ellos.<\/p>\n\n\t\t<\/div>\n\t<\/div>\n<\/div><\/div><\/div><\/div><div class=\"vc_row wpb_row vc_row-fluid\"><div class=\"wpb_column vc_column_container vc_col-sm-12\"><div class=\"vc_column-inner\"><div class=\"wpb_wrapper\"><div class=\"title-subtile-holder\"><h2 class=\"section-title  \">Misi\u00f3n<\/h2><div class=\"svg-border \"><svg width=\"515\" height=\"25\" viewBox=\"0 0 275 15\" fill=\"none\" xmlns=\"http:\/\/www.w3.org\/2000\/svg\">\n        <rect y=\"7\" width=\"120\" height=\"1\" fill=\"#CCCCCC\"\/>\n        <rect x=\"155\" y=\"7\" width=\"120\" height=\"1\" fill=\"#CCCCCC\"\/>\n        <path d=\"M144.443 14.6458C144.207 14.8818 143.897 15 143.588 15C143.278 15 142.968 14.8818 142.732 14.6454L137.874 9.78689C137.517 9.43023 137.43 8.90654 137.612 8.46798L136.617 7.47264L135.242 8.84723C135.517 9.2862 135.458 9.8809 135.066 10.2714C134.614 10.7245 133.888 10.7342 133.448 10.2936L130.324 7.17126C129.883 6.73028 129.893 6.00566 130.347 5.55298C130.738 5.16122 131.332 5.10231 131.771 5.37788L135.378 1.77014C135.102 1.33158 135.161 0.737682 135.553 0.346326C136.006 -0.10676 136.73 -0.116443 137.171 0.324136L140.295 3.44732C140.736 3.8879 140.726 4.61251 140.272 5.0656C139.88 5.45736 139.287 5.51586 138.849 5.2407L137.472 6.6169L138.59 7.73449C138.945 7.69334 139.314 7.80348 139.586 8.07622L144.444 12.9347C144.916 13.4071 144.916 14.1729 144.443 14.6458Z\" fill=\"#2695FF\"\/>\n        <\/svg><\/div><div class=\"section-subtitle \"><\/div><\/div>\n\t<div class=\"wpb_text_column wpb_content_element\" >\n\t\t<div class=\"wpb_wrapper\">\n\t\t\t<p>Prestar nuestro servicio dentro y fuera del territorio nacional, manteniendo tres pilares fundamentales: honestidad, calidad y cumplimiento; Fortalecer las relaciones con nuestro personal, remitentes y compradores<\/p>\n\n\t\t<\/div>\n\t<\/div>\n<\/div><\/div><\/div><\/div><div class=\"vc_row wpb_row vc_row-fluid\"><div class=\"wpb_column vc_column_container vc_col-sm-12\"><div class=\"vc_column-inner\"><div class=\"wpb_wrapper\"><div class=\"title-subtile-holder\"><h2 class=\"section-title  \">Visi\u00f3n<\/h2><div class=\"svg-border \"><svg width=\"515\" height=\"25\" viewBox=\"0 0 275 15\" fill=\"none\" xmlns=\"http:\/\/www.w3.org\/2000\/svg\">\n        <rect y=\"7\" width=\"120\" height=\"1\" fill=\"#CCCCCC\"\/>\n        <rect x=\"155\" y=\"7\" width=\"120\" height=\"1\" fill=\"#CCCCCC\"\/>\n        <path d=\"M144.443 14.6458C144.207 14.8818 143.897 15 143.588 15C143.278 15 142.968 14.8818 142.732 14.6454L137.874 9.78689C137.517 9.43023 137.43 8.90654 137.612 8.46798L136.617 7.47264L135.242 8.84723C135.517 9.2862 135.458 9.8809 135.066 10.2714C134.614 10.7245 133.888 10.7342 133.448 10.2936L130.324 7.17126C129.883 6.73028 129.893 6.00566 130.347 5.55298C130.738 5.16122 131.332 5.10231 131.771 5.37788L135.378 1.77014C135.102 1.33158 135.161 0.737682 135.553 0.346326C136.006 -0.10676 136.73 -0.116443 137.171 0.324136L140.295 3.44732C140.736 3.8879 140.726 4.61251 140.272 5.0656C139.88 5.45736 139.287 5.51586 138.849 5.2407L137.472 6.6169L138.59 7.73449C138.945 7.69334 139.314 7.80348 139.586 8.07622L144.444 12.9347C144.916 13.4071 144.916 14.1729 144.443 14.6458Z\" fill=\"#2695FF\"\/>\n        <\/svg><\/div><div class=\"section-subtitle \"><\/div><\/div>\n\t<div class=\"wpb_text_column wpb_content_element\" >\n\t\t<div class=\"wpb_wrapper\">\n\t\t\t<p>Ser una empresa\u00a0 con el liderazgo\u00a0 de remate en Colombia alcanzando niveles de excelencia en la prestaci\u00f3n del servicio, contribuyendo para darle mayor\u00a0 confianza al mercado en el contexto Nacional e Internacional.<\/p>\n\n\t\t<\/div>\n\t<\/div>\n<\/div><\/div><\/div><\/div><div class=\"vc_row wpb_row vc_row-fluid\"><div class=\"wpb_column vc_column_container vc_col-sm-12\"><div class=\"vc_column-inner\"><div class=\"wpb_wrapper\"><div class=\"title-subtile-holder\"><h2 class=\"section-title  \">Quienes pueden participar:<\/h2><div class=\"svg-border \"><svg width=\"515\" height=\"25\" viewBox=\"0 0 275 15\" fill=\"none\" xmlns=\"http:\/\/www.w3.org\/2000\/svg\">\n        <rect y=\"7\" width=\"120\" height=\"1\" fill=\"#CCCCCC\"\/>\n        <rect x=\"155\" y=\"7\" width=\"120\" height=\"1\" fill=\"#CCCCCC\"\/>\n        <path d=\"M144.443 14.6458C144.207 14.8818 143.897 15 143.588 15C143.278 15 142.968 14.8818 142.732 14.6454L137.874 9.78689C137.517 9.43023 137.43 8.90654 137.612 8.46798L136.617 7.47264L135.242 8.84723C135.517 9.2862 135.458 9.8809 135.066 10.2714C134.614 10.7245 133.888 10.7342 133.448 10.2936L130.324 7.17126C129.883 6.73028 129.893 6.00566 130.347 5.55298C130.738 5.16122 131.332 5.10231 131.771 5.37788L135.378 1.77014C135.102 1.33158 135.161 0.737682 135.553 0.346326C136.006 -0.10676 136.73 -0.116443 137.171 0.324136L140.295 3.44732C140.736 3.8879 140.726 4.61251 140.272 5.0656C139.88 5.45736 139.287 5.51586 138.849 5.2407L137.472 6.6169L138.59 7.73449C138.945 7.69334 139.314 7.80348 139.586 8.07622L144.444 12.9347C144.916 13.4071 144.916 14.1729 144.443 14.6458Z\" fill=\"#2695FF\"\/>\n        <\/svg><\/div><div class=\"section-subtitle \"><\/div><\/div>\n\t<div class=\"wpb_text_column wpb_content_element\" >\n\t\t<div class=\"wpb_wrapper\">\n\t\t\t<p>Todas las personas naturales y jur\u00eddicas mayores de edad que est\u00e9n registrados en nuestra p\u00e1gina.<\/p>\n\n\t\t<\/div>\n\t<\/div>\n<\/div><\/div><\/div><\/div><div class=\"vc_row wpb_row vc_row-fluid\"><div class=\"wpb_column vc_column_container vc_col-sm-12\"><div class=\"vc_column-inner\"><div class=\"wpb_wrapper\"><div class=\"title-subtile-holder\"><h2 class=\"section-title  \">Modalidades de subasta:<\/h2><div class=\"svg-border \"><svg width=\"515\" height=\"25\" viewBox=\"0 0 275 15\" fill=\"none\" xmlns=\"http:\/\/www.w3.org\/2000\/svg\">\n        <rect y=\"7\" width=\"120\" height=\"1\" fill=\"#CCCCCC\"\/>\n        <rect x=\"155\" y=\"7\" width=\"120\" height=\"1\" fill=\"#CCCCCC\"\/>\n        <path d=\"M144.443 14.6458C144.207 14.8818 143.897 15 143.588 15C143.278 15 142.968 14.8818 142.732 14.6454L137.874 9.78689C137.517 9.43023 137.43 8.90654 137.612 8.46798L136.617 7.47264L135.242 8.84723C135.517 9.2862 135.458 9.8809 135.066 10.2714C134.614 10.7245 133.888 10.7342 133.448 10.2936L130.324 7.17126C129.883 6.73028 129.893 6.00566 130.347 5.55298C130.738 5.16122 131.332 5.10231 131.771 5.37788L135.378 1.77014C135.102 1.33158 135.161 0.737682 135.553 0.346326C136.006 -0.10676 136.73 -0.116443 137.171 0.324136L140.295 3.44732C140.736 3.8879 140.726 4.61251 140.272 5.0656C139.88 5.45736 139.287 5.51586 138.849 5.2407L137.472 6.6169L138.59 7.73449C138.945 7.69334 139.314 7.80348 139.586 8.07622L144.444 12.9347C144.916 13.4071 144.916 14.1729 144.443 14.6458Z\" fill=\"#2695FF\"\/>\n        <\/svg><\/div><div class=\"section-subtitle \"><\/div><\/div>\n\t<div class=\"wpb_text_column wpb_content_element\" >\n\t\t<div class=\"wpb_wrapper\">\n\t\t\t<p><strong>Subasta Virtual:<\/strong> Permite\u00a0 a los clientes y usuarios\u00a0 realizar\u00a0 las consultas y ofertas\u00a0 de forma f\u00e1cil, r\u00e1pida y segura, desde\u00a0 cualquier lugar, a trav\u00e9s\u00a0 de nuestra p\u00e1gina. Este servicio incluye la constituci\u00f3n de dep\u00f3sitos.<\/p>\n<p>&nbsp;<\/p>\n<p><strong>Ventas Directas:<\/strong> El Martillo cuenta con un sistema de venta directa donde se ofrecen\u00a0 bienes a los compradores\u00a0 interesados, con una fecha l\u00edmite para el recibido de ofertas.<\/p>\n<p>&nbsp;<\/p>\n<p><strong>Subasta con Reserva:<\/strong> Los lotes\u00a0 se ofrecen\u00a0 en la subasta\u00a0 con precio base $0; la entidad suministra al martillo el precio \u00a0m\u00ednimo por el lote que se desear\u00eda vender, el cual se mantiene en reserva, y si en la\u00a0 subasta no se llega a ese valor,\u00a0 el lote no se adjudica.<\/p>\n\n\t\t<\/div>\n\t<\/div>\n<\/div><\/div><\/div><\/div><div class=\"vc_row wpb_row vc_row-fluid\"><div class=\"wpb_column vc_column_container vc_col-sm-12\"><div class=\"vc_column-inner\"><div class=\"wpb_wrapper\"><div class=\"title-subtile-holder\"><h2 class=\"section-title  \">Que es oferta:<\/h2><div class=\"svg-border \"><svg width=\"515\" height=\"25\" viewBox=\"0 0 275 15\" fill=\"none\" xmlns=\"http:\/\/www.w3.org\/2000\/svg\">\n        <rect y=\"7\" width=\"120\" height=\"1\" fill=\"#CCCCCC\"\/>\n        <rect x=\"155\" y=\"7\" width=\"120\" height=\"1\" fill=\"#CCCCCC\"\/>\n        <path d=\"M144.443 14.6458C144.207 14.8818 143.897 15 143.588 15C143.278 15 142.968 14.8818 142.732 14.6454L137.874 9.78689C137.517 9.43023 137.43 8.90654 137.612 8.46798L136.617 7.47264L135.242 8.84723C135.517 9.2862 135.458 9.8809 135.066 10.2714C134.614 10.7245 133.888 10.7342 133.448 10.2936L130.324 7.17126C129.883 6.73028 129.893 6.00566 130.347 5.55298C130.738 5.16122 131.332 5.10231 131.771 5.37788L135.378 1.77014C135.102 1.33158 135.161 0.737682 135.553 0.346326C136.006 -0.10676 136.73 -0.116443 137.171 0.324136L140.295 3.44732C140.736 3.8879 140.726 4.61251 140.272 5.0656C139.88 5.45736 139.287 5.51586 138.849 5.2407L137.472 6.6169L138.59 7.73449C138.945 7.69334 139.314 7.80348 139.586 8.07622L144.444 12.9347C144.916 13.4071 144.916 14.1729 144.443 14.6458Z\" fill=\"#2695FF\"\/>\n        <\/svg><\/div><div class=\"section-subtitle \"><\/div><\/div>\n\t<div class=\"wpb_text_column wpb_content_element\" >\n\t\t<div class=\"wpb_wrapper\">\n\t\t\t<p>Valor ofertado por los interesados en la adquisici\u00f3n de bienes subastados en subasta. Cada nueva oferta deber\u00e1 siempre ser superior al valor de la oferta anterior de otro licitador.<\/p>\n\n\t\t<\/div>\n\t<\/div>\n<\/div><\/div><\/div><\/div><div class=\"vc_row wpb_row vc_row-fluid\"><div class=\"wpb_column vc_column_container vc_col-sm-12\"><div class=\"vc_column-inner\"><div class=\"wpb_wrapper\"><\/div><\/div><\/div><\/div>\n<\/div>","protected":false},"excerpt":{"rendered":"Quienes somos Somos un servicio que le permite participar y comprar f\u00e1cilmente desde la comodidad de su hogar u oficina, en la Subasta Virtual en tiempo real, donde puede pujar, contra-ofertar y hacer seguimiento al lote o lotes de su inter\u00e9s de forma f\u00e1cil, r\u00e1pida y segura a trav\u00e9s de nuestra p\u00e1gina de internet. Nuestros [...]","protected":false},"author":801,"featured_media":0,"parent":0,"menu_order":0,"comment_status":"closed","ping_status":"closed","template":"","meta":{"footnotes":""},"class_list":["post-6504","page","type-page","status-publish","hentry"],"_links":{"self":[{"href":"https:\/\/invertrack.com\/index.php\/wp-json\/wp\/v2\/pages\/6504","targetHints":{"allow":["GET"]}}],"collection":[{"href":"https:\/\/invertrack.com\/index.php\/wp-json\/wp\/v2\/pages"}],"about":[{"href":"https:\/\/invertrack.com\/index.php\/wp-json\/wp\/v2\/types\/page"}],"author":[{"embeddable":true,"href":"https:\/\/invertrack.com\/index.php\/wp-json\/wp\/v2\/users\/801"}],"replies":[{"embeddable":true,"href":"https:\/\/invertrack.com\/index.php\/wp-json\/wp\/v2\/comments?post=6504"}],"version-history":[{"count":11,"href":"https:\/\/invertrack.com\/index.php\/wp-json\/wp\/v2\/pages\/6504\/revisions"}],"predecessor-version":[{"id":6520,"href":"https:\/\/invertrack.com\/index.php\/wp-json\/wp\/v2\/pages\/6504\/revisions\/6520"}],"wp:attachment":[{"href":"https:\/\/invertrack.com\/index.php\/wp-json\/wp\/v2\/media?parent=6504"}],"curies":[{"name":"wp","href":"https:\/\/api.w.org\/{rel}","templated":true}]}}