{"id":6514,"date":"2021-03-06T21:52:20","date_gmt":"2021-03-07T02:52:20","guid":{"rendered":"https:\/\/invertrack.com\/?page_id=6514"},"modified":"2021-03-14T19:05:41","modified_gmt":"2021-03-15T00:05:41","slug":"pregunta-frecuentes","status":"publish","type":"page","link":"https:\/\/invertrack.com\/index.php\/pregunta-frecuentes\/","title":{"rendered":"Pregunta Frecuentes"},"content":{"rendered":"<div class=\"wpb-content-wrapper\"><div class=\"vc_row wpb_row vc_row-fluid\"><div class=\"wpb_column vc_column_container vc_col-sm-12\"><div class=\"vc_column-inner\"><div class=\"wpb_wrapper\"><div class=\"title-subtile-holder\"><h2 class=\"section-title  \">Reg\u00edstrate<\/h2><div class=\"svg-border \"><svg width=\"515\" height=\"25\" viewBox=\"0 0 275 15\" fill=\"none\" xmlns=\"http:\/\/www.w3.org\/2000\/svg\">\n        <rect y=\"7\" width=\"120\" height=\"1\" fill=\"#CCCCCC\"\/>\n        <rect x=\"155\" y=\"7\" width=\"120\" height=\"1\" fill=\"#CCCCCC\"\/>\n        <path d=\"M144.443 14.6458C144.207 14.8818 143.897 15 143.588 15C143.278 15 142.968 14.8818 142.732 14.6454L137.874 9.78689C137.517 9.43023 137.43 8.90654 137.612 8.46798L136.617 7.47264L135.242 8.84723C135.517 9.2862 135.458 9.8809 135.066 10.2714C134.614 10.7245 133.888 10.7342 133.448 10.2936L130.324 7.17126C129.883 6.73028 129.893 6.00566 130.347 5.55298C130.738 5.16122 131.332 5.10231 131.771 5.37788L135.378 1.77014C135.102 1.33158 135.161 0.737682 135.553 0.346326C136.006 -0.10676 136.73 -0.116443 137.171 0.324136L140.295 3.44732C140.736 3.8879 140.726 4.61251 140.272 5.0656C139.88 5.45736 139.287 5.51586 138.849 5.2407L137.472 6.6169L138.59 7.73449C138.945 7.69334 139.314 7.80348 139.586 8.07622L144.444 12.9347C144.916 13.4071 144.916 14.1729 144.443 14.6458Z\" fill=\"#2695FF\"\/>\n        <\/svg><\/div><div class=\"section-subtitle \"><\/div><\/div>\n\t<div class=\"wpb_text_column wpb_content_element\" >\n\t\t<div class=\"wpb_wrapper\">\n\t\t\t<ul>\n<li>Es necesario que est\u00e9s identificado en el sitio para que pidas habilitaci\u00f3n, pujes, accedas a las opciones del men\u00fa &#8211; Mi cuenta \u2013 Registro.<\/li>\n<li>La autentificaci\u00f3n se realiza cuando te confirmen mediante correo electr\u00f3nico.<\/li>\n<li>Una vez realizado esta podr\u00e1s acceder al sistema de la siguiente forma:<\/li>\n<\/ul>\n<ol>\n<li style=\"list-style-type: none;\">\n<ol>\n<li>Introduce tu Usuario o correo electr\u00f3nico;<\/li>\n<li>Introduce tu Contrase\u00f1a;<\/li>\n<li>Pulsa en Acceder.<\/li>\n<\/ol>\n<\/li>\n<\/ol>\n\n\t\t<\/div>\n\t<\/div>\n<\/div><\/div><\/div><\/div><div class=\"vc_row wpb_row vc_row-fluid\"><div class=\"wpb_column vc_column_container vc_col-sm-12\"><div class=\"vc_column-inner\"><div class=\"wpb_wrapper\"><div class=\"title-subtile-holder\"><h2 class=\"section-title  \">Olvidaste tu contrase\u00f1a<\/h2><div class=\"svg-border \"><svg width=\"515\" height=\"25\" viewBox=\"0 0 275 15\" fill=\"none\" xmlns=\"http:\/\/www.w3.org\/2000\/svg\">\n        <rect y=\"7\" width=\"120\" height=\"1\" fill=\"#CCCCCC\"\/>\n        <rect x=\"155\" y=\"7\" width=\"120\" height=\"1\" fill=\"#CCCCCC\"\/>\n        <path d=\"M144.443 14.6458C144.207 14.8818 143.897 15 143.588 15C143.278 15 142.968 14.8818 142.732 14.6454L137.874 9.78689C137.517 9.43023 137.43 8.90654 137.612 8.46798L136.617 7.47264L135.242 8.84723C135.517 9.2862 135.458 9.8809 135.066 10.2714C134.614 10.7245 133.888 10.7342 133.448 10.2936L130.324 7.17126C129.883 6.73028 129.893 6.00566 130.347 5.55298C130.738 5.16122 131.332 5.10231 131.771 5.37788L135.378 1.77014C135.102 1.33158 135.161 0.737682 135.553 0.346326C136.006 -0.10676 136.73 -0.116443 137.171 0.324136L140.295 3.44732C140.736 3.8879 140.726 4.61251 140.272 5.0656C139.88 5.45736 139.287 5.51586 138.849 5.2407L137.472 6.6169L138.59 7.73449C138.945 7.69334 139.314 7.80348 139.586 8.07622L144.444 12.9347C144.916 13.4071 144.916 14.1729 144.443 14.6458Z\" fill=\"#2695FF\"\/>\n        <\/svg><\/div><div class=\"section-subtitle \"><\/div><\/div>\n\t<div class=\"wpb_text_column wpb_content_element\" >\n\t\t<div class=\"wpb_wrapper\">\n\t\t\t<ul>\n<li>Haz clic en \u201cPerdiste tu contrase\u00f1a\u201d.<\/li>\n<li>Introduzca su nombre de usuario o direcci\u00f3n de correo electr\u00f3nico. Recibir\u00e1 un enlace para crear una nueva contrase\u00f1a por correo electr\u00f3nico.<\/li>\n<li>Dar clic en \u201cRestablecer contrase\u00f1a\u201d.<\/li>\n<\/ul>\n\n\t\t<\/div>\n\t<\/div>\n<\/div><\/div><\/div><\/div><div class=\"vc_row wpb_row vc_row-fluid\"><div class=\"wpb_column vc_column_container vc_col-sm-12\"><div class=\"vc_column-inner\"><div class=\"wpb_wrapper\"><div class=\"title-subtile-holder\"><h2 class=\"section-title  \">Como obtener informaci\u00f3n de los bienes a subastar<\/h2><div class=\"svg-border \"><svg width=\"515\" height=\"25\" viewBox=\"0 0 275 15\" fill=\"none\" xmlns=\"http:\/\/www.w3.org\/2000\/svg\">\n        <rect y=\"7\" width=\"120\" height=\"1\" fill=\"#CCCCCC\"\/>\n        <rect x=\"155\" y=\"7\" width=\"120\" height=\"1\" fill=\"#CCCCCC\"\/>\n        <path d=\"M144.443 14.6458C144.207 14.8818 143.897 15 143.588 15C143.278 15 142.968 14.8818 142.732 14.6454L137.874 9.78689C137.517 9.43023 137.43 8.90654 137.612 8.46798L136.617 7.47264L135.242 8.84723C135.517 9.2862 135.458 9.8809 135.066 10.2714C134.614 10.7245 133.888 10.7342 133.448 10.2936L130.324 7.17126C129.883 6.73028 129.893 6.00566 130.347 5.55298C130.738 5.16122 131.332 5.10231 131.771 5.37788L135.378 1.77014C135.102 1.33158 135.161 0.737682 135.553 0.346326C136.006 -0.10676 136.73 -0.116443 137.171 0.324136L140.295 3.44732C140.736 3.8879 140.726 4.61251 140.272 5.0656C139.88 5.45736 139.287 5.51586 138.849 5.2407L137.472 6.6169L138.59 7.73449C138.945 7.69334 139.314 7.80348 139.586 8.07622L144.444 12.9347C144.916 13.4071 144.916 14.1729 144.443 14.6458Z\" fill=\"#2695FF\"\/>\n        <\/svg><\/div><div class=\"section-subtitle \"><\/div><\/div>\n\t<div class=\"wpb_text_column wpb_content_element\" >\n\t\t<div class=\"wpb_wrapper\">\n\t\t\t<ul>\n<li>Haz clic en inicio<\/li>\n<li>Ingresas a la que categor\u00eda en que estas interesado o en el buscador<\/li>\n<li>Ingresas al lote al que estas interesado para ver la informaci\u00f3n completa del lote.<\/li>\n<\/ul>\n\n\t\t<\/div>\n\t<\/div>\n<\/div><\/div><\/div><\/div><div class=\"vc_row wpb_row vc_row-fluid\"><div class=\"wpb_column vc_column_container vc_col-sm-12\"><div class=\"vc_column-inner\"><div class=\"wpb_wrapper\"><div class=\"title-subtile-holder\"><h2 class=\"section-title  \">Como participar en un lote en el que estas interesado<\/h2><div class=\"svg-border \"><svg width=\"515\" height=\"25\" viewBox=\"0 0 275 15\" fill=\"none\" xmlns=\"http:\/\/www.w3.org\/2000\/svg\">\n        <rect y=\"7\" width=\"120\" height=\"1\" fill=\"#CCCCCC\"\/>\n        <rect x=\"155\" y=\"7\" width=\"120\" height=\"1\" fill=\"#CCCCCC\"\/>\n        <path d=\"M144.443 14.6458C144.207 14.8818 143.897 15 143.588 15C143.278 15 142.968 14.8818 142.732 14.6454L137.874 9.78689C137.517 9.43023 137.43 8.90654 137.612 8.46798L136.617 7.47264L135.242 8.84723C135.517 9.2862 135.458 9.8809 135.066 10.2714C134.614 10.7245 133.888 10.7342 133.448 10.2936L130.324 7.17126C129.883 6.73028 129.893 6.00566 130.347 5.55298C130.738 5.16122 131.332 5.10231 131.771 5.37788L135.378 1.77014C135.102 1.33158 135.161 0.737682 135.553 0.346326C136.006 -0.10676 136.73 -0.116443 137.171 0.324136L140.295 3.44732C140.736 3.8879 140.726 4.61251 140.272 5.0656C139.88 5.45736 139.287 5.51586 138.849 5.2407L137.472 6.6169L138.59 7.73449C138.945 7.69334 139.314 7.80348 139.586 8.07622L144.444 12.9347C144.916 13.4071 144.916 14.1729 144.443 14.6458Z\" fill=\"#2695FF\"\/>\n        <\/svg><\/div><div class=\"section-subtitle \"><\/div><\/div>\n\t<div class=\"wpb_text_column wpb_content_element\" >\n\t\t<div class=\"wpb_wrapper\">\n\t\t\t<ul>\n<li>Identificar el lote<\/li>\n<li>Ir a t\u00e9rminos y condiciones<\/li>\n<li>Realizar la consignaci\u00f3n de la garant\u00eda para el lote, que se indica en el pliego de condiciones.<\/li>\n<li>Enviar el soporte de la consignaci\u00f3n al correo electr\u00f3nico de nuestra empresa, con la identificaci\u00f3n del lote y los datos del cliente, 24 horas antes del inicio de la subasta.<\/li>\n<li>Una vez hayas realizado la consignaci\u00f3n, te enviaremos por correo electr\u00f3nico la confirmaci\u00f3n de tu habilitaci\u00f3n para participar.<\/li>\n<li><\/li>\n<\/ul>\n\n\t\t<\/div>\n\t<\/div>\n<\/div><\/div><\/div><\/div><div class=\"vc_row wpb_row vc_row-fluid\"><div class=\"wpb_column vc_column_container vc_col-sm-12\"><div class=\"vc_column-inner\"><div class=\"wpb_wrapper\"><div class=\"title-subtile-holder\"><h2 class=\"section-title  \">Como saber si he sido ganador de un lote en la que participe<\/h2><div class=\"svg-border \"><svg width=\"515\" height=\"25\" viewBox=\"0 0 275 15\" fill=\"none\" xmlns=\"http:\/\/www.w3.org\/2000\/svg\">\n        <rect y=\"7\" width=\"120\" height=\"1\" fill=\"#CCCCCC\"\/>\n        <rect x=\"155\" y=\"7\" width=\"120\" height=\"1\" fill=\"#CCCCCC\"\/>\n        <path d=\"M144.443 14.6458C144.207 14.8818 143.897 15 143.588 15C143.278 15 142.968 14.8818 142.732 14.6454L137.874 9.78689C137.517 9.43023 137.43 8.90654 137.612 8.46798L136.617 7.47264L135.242 8.84723C135.517 9.2862 135.458 9.8809 135.066 10.2714C134.614 10.7245 133.888 10.7342 133.448 10.2936L130.324 7.17126C129.883 6.73028 129.893 6.00566 130.347 5.55298C130.738 5.16122 131.332 5.10231 131.771 5.37788L135.378 1.77014C135.102 1.33158 135.161 0.737682 135.553 0.346326C136.006 -0.10676 136.73 -0.116443 137.171 0.324136L140.295 3.44732C140.736 3.8879 140.726 4.61251 140.272 5.0656C139.88 5.45736 139.287 5.51586 138.849 5.2407L137.472 6.6169L138.59 7.73449C138.945 7.69334 139.314 7.80348 139.586 8.07622L144.444 12.9347C144.916 13.4071 144.916 14.1729 144.443 14.6458Z\" fill=\"#2695FF\"\/>\n        <\/svg><\/div><div class=\"section-subtitle \"><\/div><\/div>\n\t<div class=\"wpb_text_column wpb_content_element\" >\n\t\t<div class=\"wpb_wrapper\">\n\t\t\t<ul>\n<li>En caso que hayas sigo ganador de un lote, te aparecer\u00e1 \u201cGANADOR\u201d.<\/li>\n<li>Te enviaremos un correo electr\u00f3nico con la confirmaci\u00f3n que fuiste ganador.<\/li>\n<\/ul>\n\n\t\t<\/div>\n\t<\/div>\n<\/div><\/div><\/div><\/div><div class=\"vc_row wpb_row vc_row-fluid\"><div class=\"wpb_column vc_column_container vc_col-sm-12\"><div class=\"vc_column-inner\"><div class=\"wpb_wrapper\"><div class=\"title-subtile-holder\"><h2 class=\"section-title  \">Como saber si no he sido ganador de un lote en la que participe y devoluci\u00f3n del dinero.<\/h2><div class=\"svg-border \"><svg width=\"515\" height=\"25\" viewBox=\"0 0 275 15\" fill=\"none\" xmlns=\"http:\/\/www.w3.org\/2000\/svg\">\n        <rect y=\"7\" width=\"120\" height=\"1\" fill=\"#CCCCCC\"\/>\n        <rect x=\"155\" y=\"7\" width=\"120\" height=\"1\" fill=\"#CCCCCC\"\/>\n        <path d=\"M144.443 14.6458C144.207 14.8818 143.897 15 143.588 15C143.278 15 142.968 14.8818 142.732 14.6454L137.874 9.78689C137.517 9.43023 137.43 8.90654 137.612 8.46798L136.617 7.47264L135.242 8.84723C135.517 9.2862 135.458 9.8809 135.066 10.2714C134.614 10.7245 133.888 10.7342 133.448 10.2936L130.324 7.17126C129.883 6.73028 129.893 6.00566 130.347 5.55298C130.738 5.16122 131.332 5.10231 131.771 5.37788L135.378 1.77014C135.102 1.33158 135.161 0.737682 135.553 0.346326C136.006 -0.10676 136.73 -0.116443 137.171 0.324136L140.295 3.44732C140.736 3.8879 140.726 4.61251 140.272 5.0656C139.88 5.45736 139.287 5.51586 138.849 5.2407L137.472 6.6169L138.59 7.73449C138.945 7.69334 139.314 7.80348 139.586 8.07622L144.444 12.9347C144.916 13.4071 144.916 14.1729 144.443 14.6458Z\" fill=\"#2695FF\"\/>\n        <\/svg><\/div><div class=\"section-subtitle \"><\/div><\/div>\n\t<div class=\"wpb_text_column wpb_content_element\" >\n\t\t<div class=\"wpb_wrapper\">\n\t\t\t<ul>\n<li>Una vez finalizada la subasta, el sistema te indicar\u00e1 que no fuiste la mejor oferta.<\/li>\n<li>El valor del dep\u00f3sito deber\u00e1s solicitarlo mediante correo electr\u00f3nico a: <a href=\"mailto:contacto@invertrack.com\">contacto@invertrack.com<\/a>, el cual ser\u00e1 devuelto en un plazo no mayor a 5 d\u00edas h\u00e1biles, con los descuentos de ley.<\/li>\n<\/ul>\n\n\t\t<\/div>\n\t<\/div>\n<\/div><\/div><\/div><\/div><div class=\"vc_row wpb_row vc_row-fluid\"><div class=\"wpb_column vc_column_container vc_col-sm-12\"><div class=\"vc_column-inner\"><div class=\"wpb_wrapper\"><div class=\"title-subtile-holder\"><h2 class=\"section-title  \"> Qu\u00e9 hacer para efectuar el pago del lote adjudicado<\/h2><div class=\"svg-border \"><svg width=\"515\" height=\"25\" viewBox=\"0 0 275 15\" fill=\"none\" xmlns=\"http:\/\/www.w3.org\/2000\/svg\">\n        <rect y=\"7\" width=\"120\" height=\"1\" fill=\"#CCCCCC\"\/>\n        <rect x=\"155\" y=\"7\" width=\"120\" height=\"1\" fill=\"#CCCCCC\"\/>\n        <path d=\"M144.443 14.6458C144.207 14.8818 143.897 15 143.588 15C143.278 15 142.968 14.8818 142.732 14.6454L137.874 9.78689C137.517 9.43023 137.43 8.90654 137.612 8.46798L136.617 7.47264L135.242 8.84723C135.517 9.2862 135.458 9.8809 135.066 10.2714C134.614 10.7245 133.888 10.7342 133.448 10.2936L130.324 7.17126C129.883 6.73028 129.893 6.00566 130.347 5.55298C130.738 5.16122 131.332 5.10231 131.771 5.37788L135.378 1.77014C135.102 1.33158 135.161 0.737682 135.553 0.346326C136.006 -0.10676 136.73 -0.116443 137.171 0.324136L140.295 3.44732C140.736 3.8879 140.726 4.61251 140.272 5.0656C139.88 5.45736 139.287 5.51586 138.849 5.2407L137.472 6.6169L138.59 7.73449C138.945 7.69334 139.314 7.80348 139.586 8.07622L144.444 12.9347C144.916 13.4071 144.916 14.1729 144.443 14.6458Z\" fill=\"#2695FF\"\/>\n        <\/svg><\/div><div class=\"section-subtitle \"><\/div><\/div>\n\t<div class=\"wpb_text_column wpb_content_element\" >\n\t\t<div class=\"wpb_wrapper\">\n\t\t\t<ul>\n<li>Una vez se haya confirmado mediante correo electr\u00f3nico, que fuiste ganador del lote, deber\u00e1s consignar mediante transferencia bancaria o cheque de gerencia el saldo del valor adjudicado, m\u00e1s la comisi\u00f3n.<\/li>\n<\/ul>\n\n\t\t<\/div>\n\t<\/div>\n<\/div><\/div><\/div><\/div><div class=\"vc_row wpb_row vc_row-fluid\"><div class=\"wpb_column vc_column_container vc_col-sm-12\"><div class=\"vc_column-inner\"><div class=\"wpb_wrapper\"><div class=\"title-subtile-holder\"><h2 class=\"section-title  \">Qu\u00e9 pasa si eres ganador de un lote y no pagas el saldo<\/h2><div class=\"svg-border \"><svg width=\"515\" height=\"25\" viewBox=\"0 0 275 15\" fill=\"none\" xmlns=\"http:\/\/www.w3.org\/2000\/svg\">\n        <rect y=\"7\" width=\"120\" height=\"1\" fill=\"#CCCCCC\"\/>\n        <rect x=\"155\" y=\"7\" width=\"120\" height=\"1\" fill=\"#CCCCCC\"\/>\n        <path d=\"M144.443 14.6458C144.207 14.8818 143.897 15 143.588 15C143.278 15 142.968 14.8818 142.732 14.6454L137.874 9.78689C137.517 9.43023 137.43 8.90654 137.612 8.46798L136.617 7.47264L135.242 8.84723C135.517 9.2862 135.458 9.8809 135.066 10.2714C134.614 10.7245 133.888 10.7342 133.448 10.2936L130.324 7.17126C129.883 6.73028 129.893 6.00566 130.347 5.55298C130.738 5.16122 131.332 5.10231 131.771 5.37788L135.378 1.77014C135.102 1.33158 135.161 0.737682 135.553 0.346326C136.006 -0.10676 136.73 -0.116443 137.171 0.324136L140.295 3.44732C140.736 3.8879 140.726 4.61251 140.272 5.0656C139.88 5.45736 139.287 5.51586 138.849 5.2407L137.472 6.6169L138.59 7.73449C138.945 7.69334 139.314 7.80348 139.586 8.07622L144.444 12.9347C144.916 13.4071 144.916 14.1729 144.443 14.6458Z\" fill=\"#2695FF\"\/>\n        <\/svg><\/div><div class=\"section-subtitle \"><\/div><\/div>\n\t<div class=\"wpb_text_column wpb_content_element\" >\n\t\t<div class=\"wpb_wrapper\">\n\t\t\t<ul>\n<li>El impago del valor del bien rematado, de la comisi\u00f3n del subastador y de la tasa de administraci\u00f3n, en plazo establecido en el Contrato de Adhesi\u00f3n del Usuario y las Condiciones de venta y pago de la subasta, configurar\u00e1 desistencia o arrepentimiento por parte del rematante y valores de multa y\/o aderezados al reembolso de los gastos incurridos por el ejecutor del subastador. El subastador podr\u00e1 emitir el t\u00edtulo de cr\u00e9dito (cuenta) para cobranza de dichos valores, encamin\u00e1ndolo a protesto por impago.<\/li>\n<\/ul>\n\n\t\t<\/div>\n\t<\/div>\n<\/div><\/div><\/div><\/div><div class=\"vc_row wpb_row vc_row-fluid\"><div class=\"wpb_column vc_column_container vc_col-sm-12\"><div class=\"vc_column-inner\"><div class=\"wpb_wrapper\"><div class=\"title-subtile-holder\"><h2 class=\"section-title  \">Cuanto tiempo dura una subasta<\/h2><div class=\"svg-border \"><svg width=\"515\" height=\"25\" viewBox=\"0 0 275 15\" fill=\"none\" xmlns=\"http:\/\/www.w3.org\/2000\/svg\">\n        <rect y=\"7\" width=\"120\" height=\"1\" fill=\"#CCCCCC\"\/>\n        <rect x=\"155\" y=\"7\" width=\"120\" height=\"1\" fill=\"#CCCCCC\"\/>\n        <path d=\"M144.443 14.6458C144.207 14.8818 143.897 15 143.588 15C143.278 15 142.968 14.8818 142.732 14.6454L137.874 9.78689C137.517 9.43023 137.43 8.90654 137.612 8.46798L136.617 7.47264L135.242 8.84723C135.517 9.2862 135.458 9.8809 135.066 10.2714C134.614 10.7245 133.888 10.7342 133.448 10.2936L130.324 7.17126C129.883 6.73028 129.893 6.00566 130.347 5.55298C130.738 5.16122 131.332 5.10231 131.771 5.37788L135.378 1.77014C135.102 1.33158 135.161 0.737682 135.553 0.346326C136.006 -0.10676 136.73 -0.116443 137.171 0.324136L140.295 3.44732C140.736 3.8879 140.726 4.61251 140.272 5.0656C139.88 5.45736 139.287 5.51586 138.849 5.2407L137.472 6.6169L138.59 7.73449C138.945 7.69334 139.314 7.80348 139.586 8.07622L144.444 12.9347C144.916 13.4071 144.916 14.1729 144.443 14.6458Z\" fill=\"#2695FF\"\/>\n        <\/svg><\/div><div class=\"section-subtitle \"><\/div><\/div>\n\t<div class=\"wpb_text_column wpb_content_element\" >\n\t\t<div class=\"wpb_wrapper\">\n\t\t\t<ul>\n<li>La duraci\u00f3n de las subastas es variable de acuerdo a la cantidad de pujas que hayan y la extensi\u00f3n del tiempo extra.<\/li>\n<\/ul>\n\n\t\t<\/div>\n\t<\/div>\n<\/div><\/div><\/div><\/div><div class=\"vc_row wpb_row vc_row-fluid\"><div class=\"wpb_column vc_column_container vc_col-sm-12\"><div class=\"vc_column-inner\"><div class=\"wpb_wrapper\"><div class=\"title-subtile-holder\"><h2 class=\"section-title  \">Que es tiempo extra<\/h2><div class=\"svg-border \"><svg width=\"515\" height=\"25\" viewBox=\"0 0 275 15\" fill=\"none\" xmlns=\"http:\/\/www.w3.org\/2000\/svg\">\n        <rect y=\"7\" width=\"120\" height=\"1\" fill=\"#CCCCCC\"\/>\n        <rect x=\"155\" y=\"7\" width=\"120\" height=\"1\" fill=\"#CCCCCC\"\/>\n        <path d=\"M144.443 14.6458C144.207 14.8818 143.897 15 143.588 15C143.278 15 142.968 14.8818 142.732 14.6454L137.874 9.78689C137.517 9.43023 137.43 8.90654 137.612 8.46798L136.617 7.47264L135.242 8.84723C135.517 9.2862 135.458 9.8809 135.066 10.2714C134.614 10.7245 133.888 10.7342 133.448 10.2936L130.324 7.17126C129.883 6.73028 129.893 6.00566 130.347 5.55298C130.738 5.16122 131.332 5.10231 131.771 5.37788L135.378 1.77014C135.102 1.33158 135.161 0.737682 135.553 0.346326C136.006 -0.10676 136.73 -0.116443 137.171 0.324136L140.295 3.44732C140.736 3.8879 140.726 4.61251 140.272 5.0656C139.88 5.45736 139.287 5.51586 138.849 5.2407L137.472 6.6169L138.59 7.73449C138.945 7.69334 139.314 7.80348 139.586 8.07622L144.444 12.9347C144.916 13.4071 144.916 14.1729 144.443 14.6458Z\" fill=\"#2695FF\"\/>\n        <\/svg><\/div><div class=\"section-subtitle \"><\/div><\/div>\n\t<div class=\"wpb_text_column wpb_content_element\" >\n\t\t<div class=\"wpb_wrapper\">\n\t\t\t<ul>\n<li>Extenderemos el tiempo establecido para la subasta, en caso de que en un margen de tiempo previo a su finalizaci\u00f3n alguno de los ofertantes haga un lance ganador (es decir un lance que supere el mejor lance realizado en la subasta hasta el momento), luego el tiempo de la subasta se extender\u00e1 por 3 minutos m\u00e1s.<\/li>\n<\/ul>\n\n\t\t<\/div>\n\t<\/div>\n<\/div><\/div><\/div><\/div><div class=\"vc_row wpb_row vc_row-fluid\"><div class=\"wpb_column vc_column_container vc_col-sm-12\"><div class=\"vc_column-inner\"><div class=\"wpb_wrapper\"><div class=\"title-subtile-holder\"><h2 class=\"section-title  \">Como verificar los productos subastados<\/h2><div class=\"svg-border \"><svg width=\"515\" height=\"25\" viewBox=\"0 0 275 15\" fill=\"none\" xmlns=\"http:\/\/www.w3.org\/2000\/svg\">\n        <rect y=\"7\" width=\"120\" height=\"1\" fill=\"#CCCCCC\"\/>\n        <rect x=\"155\" y=\"7\" width=\"120\" height=\"1\" fill=\"#CCCCCC\"\/>\n        <path d=\"M144.443 14.6458C144.207 14.8818 143.897 15 143.588 15C143.278 15 142.968 14.8818 142.732 14.6454L137.874 9.78689C137.517 9.43023 137.43 8.90654 137.612 8.46798L136.617 7.47264L135.242 8.84723C135.517 9.2862 135.458 9.8809 135.066 10.2714C134.614 10.7245 133.888 10.7342 133.448 10.2936L130.324 7.17126C129.883 6.73028 129.893 6.00566 130.347 5.55298C130.738 5.16122 131.332 5.10231 131.771 5.37788L135.378 1.77014C135.102 1.33158 135.161 0.737682 135.553 0.346326C136.006 -0.10676 136.73 -0.116443 137.171 0.324136L140.295 3.44732C140.736 3.8879 140.726 4.61251 140.272 5.0656C139.88 5.45736 139.287 5.51586 138.849 5.2407L137.472 6.6169L138.59 7.73449C138.945 7.69334 139.314 7.80348 139.586 8.07622L144.444 12.9347C144.916 13.4071 144.916 14.1729 144.443 14.6458Z\" fill=\"#2695FF\"\/>\n        <\/svg><\/div><div class=\"section-subtitle \"><\/div><\/div>\n\t<div class=\"wpb_text_column wpb_content_element\" >\n\t\t<div class=\"wpb_wrapper\">\n\t\t\t<ul>\n<li>Deber\u00e1s comunicarte a nuestras l\u00edneas telef\u00f3nicas o escribirnos al correo y te daremos la informaci\u00f3n<\/li>\n<\/ul>\n\n\t\t<\/div>\n\t<\/div>\n<\/div><\/div><\/div><\/div><div class=\"vc_row wpb_row vc_row-fluid\"><div class=\"wpb_column vc_column_container vc_col-sm-12\"><div class=\"vc_column-inner\"><div class=\"wpb_wrapper\"><div class=\"title-subtile-holder\"><h2 class=\"section-title  \">Como retirar el bien adjudicado<\/h2><div class=\"svg-border \"><svg width=\"515\" height=\"25\" viewBox=\"0 0 275 15\" fill=\"none\" xmlns=\"http:\/\/www.w3.org\/2000\/svg\">\n        <rect y=\"7\" width=\"120\" height=\"1\" fill=\"#CCCCCC\"\/>\n        <rect x=\"155\" y=\"7\" width=\"120\" height=\"1\" fill=\"#CCCCCC\"\/>\n        <path d=\"M144.443 14.6458C144.207 14.8818 143.897 15 143.588 15C143.278 15 142.968 14.8818 142.732 14.6454L137.874 9.78689C137.517 9.43023 137.43 8.90654 137.612 8.46798L136.617 7.47264L135.242 8.84723C135.517 9.2862 135.458 9.8809 135.066 10.2714C134.614 10.7245 133.888 10.7342 133.448 10.2936L130.324 7.17126C129.883 6.73028 129.893 6.00566 130.347 5.55298C130.738 5.16122 131.332 5.10231 131.771 5.37788L135.378 1.77014C135.102 1.33158 135.161 0.737682 135.553 0.346326C136.006 -0.10676 136.73 -0.116443 137.171 0.324136L140.295 3.44732C140.736 3.8879 140.726 4.61251 140.272 5.0656C139.88 5.45736 139.287 5.51586 138.849 5.2407L137.472 6.6169L138.59 7.73449C138.945 7.69334 139.314 7.80348 139.586 8.07622L144.444 12.9347C144.916 13.4071 144.916 14.1729 144.443 14.6458Z\" fill=\"#2695FF\"\/>\n        <\/svg><\/div><div class=\"section-subtitle \"><\/div><\/div>\n\t<div class=\"wpb_text_column wpb_content_element\" >\n\t\t<div class=\"wpb_wrapper\">\n\t\t\t<ul>\n<li>Una vez realizada la totalidad del pago del bien adjudicado, deber\u00e1s comunicarte con nosotros a trav\u00e9s del correo electr\u00f3nico o mediante nuestra l\u00edneas telef\u00f3nicas, para coordinar el retiro del bien, un d\u00eda despu\u00e9s de realizado el pago.<\/li>\n<\/ul>\n\n\t\t<\/div>\n\t<\/div>\n<\/div><\/div><\/div><\/div><div class=\"vc_row wpb_row vc_row-fluid\"><div class=\"wpb_column vc_column_container vc_col-sm-12\"><div class=\"vc_column-inner\"><div class=\"wpb_wrapper\"><\/div><\/div><\/div><\/div>\n<\/div>","protected":false},"excerpt":{"rendered":"Reg\u00edstrate Es necesario que est\u00e9s identificado en el sitio para que pidas habilitaci\u00f3n, pujes, accedas a las opciones del men\u00fa - Mi cuenta \u2013 Registro. La autentificaci\u00f3n se realiza cuando te confirmen mediante correo electr\u00f3nico. Una vez realizado esta podr\u00e1s acceder al sistema de la siguiente forma: Introduce tu Usuario o correo electr\u00f3nico; Introduce tu [...]","protected":false},"author":801,"featured_media":0,"parent":0,"menu_order":0,"comment_status":"closed","ping_status":"closed","template":"","meta":{"footnotes":""},"class_list":["post-6514","page","type-page","status-publish","hentry"],"_links":{"self":[{"href":"https:\/\/invertrack.com\/index.php\/wp-json\/wp\/v2\/pages\/6514","targetHints":{"allow":["GET"]}}],"collection":[{"href":"https:\/\/invertrack.com\/index.php\/wp-json\/wp\/v2\/pages"}],"about":[{"href":"https:\/\/invertrack.com\/index.php\/wp-json\/wp\/v2\/types\/page"}],"author":[{"embeddable":true,"href":"https:\/\/invertrack.com\/index.php\/wp-json\/wp\/v2\/users\/801"}],"replies":[{"embeddable":true,"href":"https:\/\/invertrack.com\/index.php\/wp-json\/wp\/v2\/comments?post=6514"}],"version-history":[{"count":5,"href":"https:\/\/invertrack.com\/index.php\/wp-json\/wp\/v2\/pages\/6514\/revisions"}],"predecessor-version":[{"id":6601,"href":"https:\/\/invertrack.com\/index.php\/wp-json\/wp\/v2\/pages\/6514\/revisions\/6601"}],"wp:attachment":[{"href":"https:\/\/invertrack.com\/index.php\/wp-json\/wp\/v2\/media?parent=6514"}],"curies":[{"name":"wp","href":"https:\/\/api.w.org\/{rel}","templated":true}]}}