{"id":7262,"date":"2022-02-02T14:21:22","date_gmt":"2022-02-02T19:21:22","guid":{"rendered":"https:\/\/invertrack.com\/?page_id=7262"},"modified":"2022-12-29T10:21:49","modified_gmt":"2022-12-29T15:21:49","slug":"catalogo-de-bienes","status":"publish","type":"page","link":"https:\/\/invertrack.com\/index.php\/catalogo-de-bienes\/","title":{"rendered":"Cat\u00e1logo de Bienes"},"content":{"rendered":"<div class=\"wpb-content-wrapper\"><div class=\"vc_row wpb_row vc_row-fluid\"><div class=\"wpb_column vc_column_container vc_col-sm-12\"><div class=\"vc_column-inner\"><div class=\"wpb_wrapper\"><div class=\"title-subtile-holder\"><h2 class=\"section-title  \">Cat\u00e1logo de Bienes<\/h2><div class=\"svg-border \"><svg width=\"515\" height=\"25\" viewBox=\"0 0 275 15\" fill=\"none\" xmlns=\"http:\/\/www.w3.org\/2000\/svg\">\n        <rect y=\"7\" width=\"120\" height=\"1\" fill=\"#CCCCCC\"\/>\n        <rect x=\"155\" y=\"7\" width=\"120\" height=\"1\" fill=\"#CCCCCC\"\/>\n        <path d=\"M144.443 14.6458C144.207 14.8818 143.897 15 143.588 15C143.278 15 142.968 14.8818 142.732 14.6454L137.874 9.78689C137.517 9.43023 137.43 8.90654 137.612 8.46798L136.617 7.47264L135.242 8.84723C135.517 9.2862 135.458 9.8809 135.066 10.2714C134.614 10.7245 133.888 10.7342 133.448 10.2936L130.324 7.17126C129.883 6.73028 129.893 6.00566 130.347 5.55298C130.738 5.16122 131.332 5.10231 131.771 5.37788L135.378 1.77014C135.102 1.33158 135.161 0.737682 135.553 0.346326C136.006 -0.10676 136.73 -0.116443 137.171 0.324136L140.295 3.44732C140.736 3.8879 140.726 4.61251 140.272 5.0656C139.88 5.45736 139.287 5.51586 138.849 5.2407L137.472 6.6169L138.59 7.73449C138.945 7.69334 139.314 7.80348 139.586 8.07622L144.444 12.9347C144.916 13.4071 144.916 14.1729 144.443 14.6458Z\" fill=\"#2695FF\"\/>\n        <\/svg><\/div><div class=\"section-subtitle \"><\/div><\/div>\n\t<div class=\"wpb_text_column wpb_content_element\" >\n\t\t<div class=\"wpb_wrapper\">\n\t\t\t<p>Aqu\u00ed encontrar\u00e1s nuestro cat\u00e1logo mensual de bienes. No dudes en comunicarte si surge alguna duda.<\/p>\n<p>&nbsp;<\/p>\n<p>&nbsp;<\/p>\n<p>.<\/p>\n\n\t\t<\/div>\n\t<\/div>\n<div class=\"vc_btn3-container  wpb_animate_when_almost_visible wpb_fadeInLeftBig fadeInLeftBig vc_btn3-inline vc_custom_1672327305006 vc_do_btn\" ><a class=\"vc_general vc_btn3 vc_btn3-size-md vc_btn3-shape-round vc_btn3-style-modern vc_btn3-color-danger\" href=\"https:\/\/drive.google.com\/file\/d\/1a1Y0FwdJbWnz-GFnvWxlmOFDI4dSjRIS\/view?usp=share_link\" title=\"Catalogo en linea\" target=\"_blank\">Cat\u00e1logo En Linea<\/a><\/div><\/div><\/div><\/div><\/div><div class=\"vc_row wpb_row vc_row-fluid\"><div class=\"wpb_column vc_column_container vc_col-sm-12\"><div class=\"vc_column-inner\"><div class=\"wpb_wrapper\">\n\t<div class=\"wpb_text_column wpb_content_element\" >\n\t\t<div class=\"wpb_wrapper\">\n\t\t\t<p>&nbsp;<\/p>\n<p>&nbsp;<\/p>\n<p>&nbsp;<\/p>\n\n\t\t<\/div>\n\t<\/div>\n<\/div><\/div><\/div><\/div>\n<\/div>","protected":false},"excerpt":{"rendered":"Cat\u00e1logo de Bienes Aqu\u00ed encontrar\u00e1s nuestro cat\u00e1logo mensual de bienes. No dudes en comunicarte si surge alguna duda. &nbsp; &nbsp; . Cat\u00e1logo En Linea &nbsp; &nbsp; &nbsp;","protected":false},"author":801,"featured_media":0,"parent":0,"menu_order":0,"comment_status":"closed","ping_status":"closed","template":"","meta":{"footnotes":""},"class_list":["post-7262","page","type-page","status-publish","hentry"],"_links":{"self":[{"href":"https:\/\/invertrack.com\/index.php\/wp-json\/wp\/v2\/pages\/7262","targetHints":{"allow":["GET"]}}],"collection":[{"href":"https:\/\/invertrack.com\/index.php\/wp-json\/wp\/v2\/pages"}],"about":[{"href":"https:\/\/invertrack.com\/index.php\/wp-json\/wp\/v2\/types\/page"}],"author":[{"embeddable":true,"href":"https:\/\/invertrack.com\/index.php\/wp-json\/wp\/v2\/users\/801"}],"replies":[{"embeddable":true,"href":"https:\/\/invertrack.com\/index.php\/wp-json\/wp\/v2\/comments?post=7262"}],"version-history":[{"count":8,"href":"https:\/\/invertrack.com\/index.php\/wp-json\/wp\/v2\/pages\/7262\/revisions"}],"predecessor-version":[{"id":7603,"href":"https:\/\/invertrack.com\/index.php\/wp-json\/wp\/v2\/pages\/7262\/revisions\/7603"}],"wp:attachment":[{"href":"https:\/\/invertrack.com\/index.php\/wp-json\/wp\/v2\/media?parent=7262"}],"curies":[{"name":"wp","href":"https:\/\/api.w.org\/{rel}","templated":true}]}}