{"id":7046,"date":"2022-01-24T08:50:37","date_gmt":"2022-01-24T13:50:37","guid":{"rendered":"https:\/\/invertrack.com\/?post_type=product&#038;p=7046"},"modified":"2025-08-25T16:41:32","modified_gmt":"2025-08-25T21:41:32","slug":"ugpp-oficina-calle-95-15-33-of-702","status":"publish","type":"product","link":"https:\/\/invertrack.com\/index.php\/product\/ugpp-oficina-calle-95-15-33-of-702\/","title":{"rendered":"UGPP- Oficina 702 Calle 95 # 15 &#8211; 33 &#8211; Bogot\u00e1 D.C."},"content":{"rendered":"<p>Oficina d\u00faplex 702 ubicada en la CALLE 95 N 15-33 de la cuidad de Bogot\u00e1, de la cual se subasta una participaci\u00f3n del 40.56% de la propiedad, que cuenta con un \u00e1rea privada de 360.05 m<\/p>\n<p>&nbsp;<\/p>\n<p>Para pagos online: https:\/\/biz.payulatam.com\/L0ea1c69C7FDEB6<\/p>\n<p>&nbsp;<\/p>\n<p>&nbsp;<\/p>\n","protected":false},"excerpt":{"rendered":"<p>Oficina d\u00faplex 702 ubicada en la CALLE 95 N 15-33 de la cuidad de Bogot\u00e1, de la cual se subasta una participaci\u00f3n del 40.56% de la propiedad, que cuenta con un \u00e1rea privada de 360.05 m<\/p>\n<p>&nbsp;<\/p>\n<p>&nbsp;<\/p>\n","protected":false},"featured_media":8573,"comment_status":"open","ping_status":"closed","template":"","meta":[],"product_brand":[],"product_cat":[259],"product_tag":[388,389],"class_list":{"0":"post-7046","1":"product","2":"type-product","3":"status-publish","4":"has-post-thumbnail","6":"product_cat-inmuebles","7":"product_tag-inmueble","8":"product_tag-oficina","10":"first","11":"instock","12":"sold-individually","13":"shipping-taxable","14":"product-type-auction"},"_links":{"self":[{"href":"https:\/\/invertrack.com\/index.php\/wp-json\/wp\/v2\/product\/7046","targetHints":{"allow":["GET"]}}],"collection":[{"href":"https:\/\/invertrack.com\/index.php\/wp-json\/wp\/v2\/product"}],"about":[{"href":"https:\/\/invertrack.com\/index.php\/wp-json\/wp\/v2\/types\/product"}],"replies":[{"embeddable":true,"href":"https:\/\/invertrack.com\/index.php\/wp-json\/wp\/v2\/comments?post=7046"}],"wp:featuredmedia":[{"embeddable":true,"href":"https:\/\/invertrack.com\/index.php\/wp-json\/wp\/v2\/media\/8573"}],"wp:attachment":[{"href":"https:\/\/invertrack.com\/index.php\/wp-json\/wp\/v2\/media?parent=7046"}],"wp:term":[{"taxonomy":"product_brand","embeddable":true,"href":"https:\/\/invertrack.com\/index.php\/wp-json\/wp\/v2\/product_brand?post=7046"},{"taxonomy":"product_cat","embeddable":true,"href":"https:\/\/invertrack.com\/index.php\/wp-json\/wp\/v2\/product_cat?post=7046"},{"taxonomy":"product_tag","embeddable":true,"href":"https:\/\/invertrack.com\/index.php\/wp-json\/wp\/v2\/product_tag?post=7046"}],"curies":[{"name":"wp","href":"https:\/\/api.w.org\/{rel}","templated":true}]}}