{"id":7115,"date":"2022-01-24T12:05:02","date_gmt":"2022-01-24T17:05:02","guid":{"rendered":"https:\/\/invertrack.com\/?post_type=product&#038;p=7115"},"modified":"2026-01-22T10:29:33","modified_gmt":"2026-01-22T15:29:33","slug":"ugpp-carrera-26-no-19-72-en-la-ciudad-de-neiva-huila","status":"publish","type":"product","link":"https:\/\/invertrack.com\/index.php\/product\/ugpp-carrera-26-no-19-72-en-la-ciudad-de-neiva-huila\/","title":{"rendered":"UGPP- Inmueble 3.91% Cra 26 # 19-72  Neiva \u2013 Huila"},"content":{"rendered":"<p>Bien ubicado en la CARRERA 26 No.19-72 SECTOR BUGANVILES en la ciudad de NEIVA \u2013 HUILA, de la cual se subasta el 3.91%, el bien consta de una construcci\u00f3n de dos plantas y un terreno con un \u00e1rea privada de 259 m2, y 400m2 de \u00e1rea total.<br \/>\nMATRICULA: 200-45505<\/p>\n","protected":false},"excerpt":{"rendered":"<p>Bien ubicado en la CARRERA 26 No.19-72 en la ciudad de NEIVA \u2013 HUILA, de la cual se subasta el 3.91%, el bien consta de una construcci\u00f3n de dos plantas y un terreno con un \u00e1rea privada de 259 m2, y 400m2 de \u00e1rea total.<\/p>\n","protected":false},"featured_media":8585,"comment_status":"open","ping_status":"closed","template":"","meta":[],"product_brand":[],"product_cat":[259],"product_tag":[388,389],"class_list":{"0":"post-7115","1":"product","2":"type-product","3":"status-publish","4":"has-post-thumbnail","6":"product_cat-inmuebles","7":"product_tag-inmueble","8":"product_tag-oficina","10":"first","11":"instock","12":"sold-individually","13":"shipping-taxable","14":"product-type-auction"},"_links":{"self":[{"href":"https:\/\/invertrack.com\/index.php\/wp-json\/wp\/v2\/product\/7115","targetHints":{"allow":["GET"]}}],"collection":[{"href":"https:\/\/invertrack.com\/index.php\/wp-json\/wp\/v2\/product"}],"about":[{"href":"https:\/\/invertrack.com\/index.php\/wp-json\/wp\/v2\/types\/product"}],"replies":[{"embeddable":true,"href":"https:\/\/invertrack.com\/index.php\/wp-json\/wp\/v2\/comments?post=7115"}],"wp:featuredmedia":[{"embeddable":true,"href":"https:\/\/invertrack.com\/index.php\/wp-json\/wp\/v2\/media\/8585"}],"wp:attachment":[{"href":"https:\/\/invertrack.com\/index.php\/wp-json\/wp\/v2\/media?parent=7115"}],"wp:term":[{"taxonomy":"product_brand","embeddable":true,"href":"https:\/\/invertrack.com\/index.php\/wp-json\/wp\/v2\/product_brand?post=7115"},{"taxonomy":"product_cat","embeddable":true,"href":"https:\/\/invertrack.com\/index.php\/wp-json\/wp\/v2\/product_cat?post=7115"},{"taxonomy":"product_tag","embeddable":true,"href":"https:\/\/invertrack.com\/index.php\/wp-json\/wp\/v2\/product_tag?post=7115"}],"curies":[{"name":"wp","href":"https:\/\/api.w.org\/{rel}","templated":true}]}}